{"id":819,"date":"2018-02-23T16:16:07","date_gmt":"2018-02-23T16:16:07","guid":{"rendered":"https:\/\/www.turomas.com\/noticias\/noticias-2\/"},"modified":"2020-02-24T17:21:21","modified_gmt":"2020-02-24T16:21:21","slug":"noticias-pt","status":"publish","type":"page","link":"https:\/\/www.turomas.com\/pt-pt\/noticias\/noticias-pt\/","title":{"rendered":"NOT\u00cdCIAS"},"content":{"rendered":"\t\t<div data-elementor-type=\"wp-post\" data-elementor-id=\"819\" class=\"elementor elementor-819 elementor-25\" data-elementor-post-type=\"page\">\n\t\t\t\t\t\t<section class=\"elementor-section elementor-top-section elementor-element elementor-element-1aa0d757 elementor-section-height-min-height elementor-section-content-middle elementor-section-boxed elementor-section-height-default elementor-section-items-middle\" data-id=\"1aa0d757\" data-element_type=\"section\" data-settings=\"{&quot;background_background&quot;:&quot;classic&quot;}\">\n\t\t\t\t\t\t\t<div class=\"elementor-background-overlay\"><\/div>\n\t\t\t\t\t\t\t<div class=\"elementor-container elementor-column-gap-default\">\n\t\t\t\t\t<div class=\"elementor-column elementor-col-100 elementor-top-column elementor-element elementor-element-3637f369\" data-id=\"3637f369\" data-element_type=\"column\">\n\t\t\t<div class=\"elementor-widget-wrap elementor-element-populated\">\n\t\t\t\t\t\t<div class=\"elementor-element elementor-element-e828f9e elementor-widget elementor-widget-heading\" data-id=\"e828f9e\" data-element_type=\"widget\" data-widget_type=\"heading.default\">\n\t\t\t\t<div class=\"elementor-widget-container\">\n\t\t\t\t\t<h2 class=\"elementor-heading-title elementor-size-default\">#TuromasNews<\/h2>\t\t\t\t<\/div>\n\t\t\t\t<\/div>\n\t\t\t\t<div class=\"elementor-element elementor-element-720ec7ad elementor-widget elementor-widget-text-editor\" data-id=\"720ec7ad\" data-element_type=\"widget\" data-widget_type=\"text-editor.default\">\n\t\t\t\t<div class=\"elementor-widget-container\">\n\t\t\t\t\t\t\t\t\t<p>Eventos feiras instala\u00e7\u00f5es e novidades<\/p>\t\t\t\t\t\t\t\t<\/div>\n\t\t\t\t<\/div>\n\t\t\t\t\t<\/div>\n\t\t<\/div>\n\t\t\t\t\t<\/div>\n\t\t<\/section>\n\t\t\t\t<section class=\"elementor-section elementor-top-section elementor-element elementor-element-8c32792 elementor-section-content-middle elementor-section-boxed elementor-section-height-default elementor-section-height-default\" data-id=\"8c32792\" data-element_type=\"section\">\n\t\t\t\t\t\t<div class=\"elementor-container elementor-column-gap-default\">\n\t\t\t\t\t<div class=\"elementor-column elementor-col-100 elementor-top-column elementor-element elementor-element-7005091\" data-id=\"7005091\" data-element_type=\"column\">\n\t\t\t<div class=\"elementor-widget-wrap elementor-element-populated\">\n\t\t\t\t\t\t<div class=\"elementor-element elementor-element-ee161b4 elementor-posts--align-left post-sobre elementor-grid-3 elementor-grid-tablet-2 elementor-grid-mobile-1 elementor-posts--thumbnail-top elementor-widget elementor-widget-posts\" data-id=\"ee161b4\" data-element_type=\"widget\" data-settings=\"{&quot;classic_row_gap&quot;:{&quot;unit&quot;:&quot;px&quot;,&quot;size&quot;:10,&quot;sizes&quot;:[]},&quot;pagination_type&quot;:&quot;prev_next&quot;,&quot;classic_columns&quot;:&quot;3&quot;,&quot;classic_columns_tablet&quot;:&quot;2&quot;,&quot;classic_columns_mobile&quot;:&quot;1&quot;,&quot;classic_row_gap_tablet&quot;:{&quot;unit&quot;:&quot;px&quot;,&quot;size&quot;:&quot;&quot;,&quot;sizes&quot;:[]},&quot;classic_row_gap_mobile&quot;:{&quot;unit&quot;:&quot;px&quot;,&quot;size&quot;:&quot;&quot;,&quot;sizes&quot;:[]}}\" data-widget_type=\"posts.classic\">\n\t\t\t\t<div class=\"elementor-widget-container\">\n\t\t\t\t\t\t\t<div class=\"elementor-posts-container elementor-posts elementor-posts--skin-classic elementor-grid\" role=\"list\">\n\t\t\t\t<article class=\"elementor-post elementor-grid-item post-39587 post type-post status-publish format-standard has-post-thumbnail hentry category-turomas-news-pt\" role=\"listitem\">\n\t\t\t\t<a class=\"elementor-post__thumbnail__link\" href=\"https:\/\/www.turomas.com\/pt-pt\/a-turomas-reforca-a-sua-presenca-internacional-na-china-glass-2026\/\" tabindex=\"-1\" >\n\t\t\t<div class=\"elementor-post__thumbnail\"><img fetchpriority=\"high\" decoding=\"async\" width=\"943\" height=\"707\" src=\"https:\/\/www.turomas.com\/wp-content\/uploads\/IMG_4649.jpg\" class=\"attachment-large size-large wp-image-39557\" alt=\"\" srcset=\"https:\/\/www.turomas.com\/wp-content\/uploads\/IMG_4649.jpg 943w, https:\/\/www.turomas.com\/wp-content\/uploads\/IMG_4649-300x225.jpg 300w, https:\/\/www.turomas.com\/wp-content\/uploads\/IMG_4649-768x576.jpg 768w\" sizes=\"(max-width: 943px) 100vw, 943px\" \/><\/div>\n\t\t<\/a>\n\t\t\t\t<div class=\"elementor-post__text\">\n\t\t\t\t<h3 class=\"elementor-post__title\">\n\t\t\t<a href=\"https:\/\/www.turomas.com\/pt-pt\/a-turomas-reforca-a-sua-presenca-internacional-na-china-glass-2026\/\" >\n\t\t\t\tA TUROMAS refor\u00e7a a sua presen\u00e7a internacional na China Glass 2026.\t\t\t<\/a>\n\t\t<\/h3>\n\t\t\t\t<\/div>\n\t\t\t\t<\/article>\n\t\t\t\t<article class=\"elementor-post elementor-grid-item post-39543 post type-post status-publish format-standard hentry category-turomas-news-pt\" role=\"listitem\">\n\t\t\t\t<div class=\"elementor-post__text\">\n\t\t\t\t<h3 class=\"elementor-post__title\">\n\t\t\t<a href=\"https:\/\/www.turomas.com\/pt-pt\/a-turomas-apresenta-em-primeira-mao-o-seu-projeto-de-investimento-de-15-milhoes-de-euros-ao-governo-de-aragao-e-a-sua-candidatura-aos-fundos-de-transicao-justa-e-fite\/\" >\n\t\t\t\tA TUROMAS apresenta em primeira m\u00e3o o seu projeto de investimento de 1,5 milh\u00f5es de euros ao Governo de Arag\u00e3o e a sua candidatura aos fundos de transi\u00e7\u00e3o justa e FITE.\t\t\t<\/a>\n\t\t<\/h3>\n\t\t\t\t<\/div>\n\t\t\t\t<\/article>\n\t\t\t\t<article class=\"elementor-post elementor-grid-item post-39230 post type-post status-publish format-standard hentry category-turomas-news-pt\" role=\"listitem\">\n\t\t\t\t<div class=\"elementor-post__text\">\n\t\t\t\t<h3 class=\"elementor-post__title\">\n\t\t\t<a href=\"https:\/\/www.turomas.com\/pt-pt\/turomas-reconhecida-com-o-premio-pyme-teruel-2025-pelo-seu-compromisso-com-a-inovacao-a-internacionalizacao-e-o-desenvolvimento-do-meio-rural\/\" >\n\t\t\t\tTUROMAS, reconhecida com o Pr\u00e9mio Pyme Teruel 2025 pelo seu compromisso com a inova\u00e7\u00e3o, a internacionaliza\u00e7\u00e3o e o desenvolvimento do meio rural.\t\t\t<\/a>\n\t\t<\/h3>\n\t\t\t\t<\/div>\n\t\t\t\t<\/article>\n\t\t\t\t<article class=\"elementor-post elementor-grid-item post-39186 post type-post status-publish format-standard hentry category-noticias-pt-pt category-turomas-news-pt\" role=\"listitem\">\n\t\t\t\t<div class=\"elementor-post__text\">\n\t\t\t\t<h3 class=\"elementor-post__title\">\n\t\t\t<a href=\"https:\/\/www.turomas.com\/pt-pt\/turomas-na-vitrum-2025-inovacao-e-tecnologia-em-milao\/\" >\n\t\t\t\tTUROMAS na VITRUM 2025: inova\u00e7\u00e3o e tecnologia em Mil\u00e3o\t\t\t<\/a>\n\t\t<\/h3>\n\t\t\t\t<\/div>\n\t\t\t\t<\/article>\n\t\t\t\t<article class=\"elementor-post elementor-grid-item post-39080 post type-post status-publish format-standard hentry category-turomas-news-pt category-turomas-technology-pt\" role=\"listitem\">\n\t\t\t\t<div class=\"elementor-post__text\">\n\t\t\t\t<h3 class=\"elementor-post__title\">\n\t\t\t<a href=\"https:\/\/www.turomas.com\/pt-pt\/40-anos-da-turomas-de-uma-oficina-em-rubielos-para-o-mundo\/\" >\n\t\t\t\t40 anos da TUROMAS: de uma oficina em Rubielos de Mora  a uma empresa internacional.\t\t\t<\/a>\n\t\t<\/h3>\n\t\t\t\t<\/div>\n\t\t\t\t<\/article>\n\t\t\t\t<article class=\"elementor-post elementor-grid-item post-38975 post type-post status-publish format-standard has-post-thumbnail hentry category-turomas-news-pt category-turomas-technology-pt\" role=\"listitem\">\n\t\t\t\t<a class=\"elementor-post__thumbnail__link\" href=\"https:\/\/www.turomas.com\/pt-pt\/glasstech-mexico-2025-a-estreia-da-turomas-mexico\/\" tabindex=\"-1\" >\n\t\t\t<div class=\"elementor-post__thumbnail\"><img decoding=\"async\" width=\"905\" height=\"1024\" src=\"https:\/\/www.turomas.com\/wp-content\/uploads\/glasstech-mexico-2025-1-905x1024.jpg\" class=\"attachment-large size-large wp-image-38963\" alt=\"\" srcset=\"https:\/\/www.turomas.com\/wp-content\/uploads\/glasstech-mexico-2025-1-905x1024.jpg 905w, https:\/\/www.turomas.com\/wp-content\/uploads\/glasstech-mexico-2025-1-265x300.jpg 265w, https:\/\/www.turomas.com\/wp-content\/uploads\/glasstech-mexico-2025-1-768x869.jpg 768w, https:\/\/www.turomas.com\/wp-content\/uploads\/glasstech-mexico-2025-1-1358x1536.jpg 1358w, https:\/\/www.turomas.com\/wp-content\/uploads\/glasstech-mexico-2025-1.jpg 1697w\" sizes=\"(max-width: 905px) 100vw, 905px\" \/><\/div>\n\t\t<\/a>\n\t\t\t\t<div class=\"elementor-post__text\">\n\t\t\t\t<h3 class=\"elementor-post__title\">\n\t\t\t<a href=\"https:\/\/www.turomas.com\/pt-pt\/glasstech-mexico-2025-a-estreia-da-turomas-mexico\/\" >\n\t\t\t\tGlasstech M\u00e9xico 2025: a estreia da TUROMAS M\u00c9XICO\t\t\t<\/a>\n\t\t<\/h3>\n\t\t\t\t<\/div>\n\t\t\t\t<\/article>\n\t\t\t\t<article class=\"elementor-post elementor-grid-item post-38898 post type-post status-publish format-standard hentry category-noticias-pt-pt category-turomas-news-pt\" role=\"listitem\">\n\t\t\t\t<div class=\"elementor-post__text\">\n\t\t\t\t<h3 class=\"elementor-post__title\">\n\t\t\t<a href=\"https:\/\/www.turomas.com\/pt-pt\/a-glasstech-mexico-2025-e-um-evento-importante-para-a-turomas-mexico-a-delegacao-da-turomas-no-pais\/\" >\n\t\t\t\tA Glasstech Mexico 2025 \u00e9 um evento importante para a TUROMAS MEXICO: a delega\u00e7\u00e3o da TUROMAS no pa\u00eds.\t\t\t<\/a>\n\t\t<\/h3>\n\t\t\t\t<\/div>\n\t\t\t\t<\/article>\n\t\t\t\t<article class=\"elementor-post elementor-grid-item post-38871 post type-post status-publish format-standard hentry category-turomas-news-pt\" role=\"listitem\">\n\t\t\t\t<div class=\"elementor-post__text\">\n\t\t\t\t<h3 class=\"elementor-post__title\">\n\t\t\t<a href=\"https:\/\/www.turomas.com\/pt-pt\/turomas-mexico-grupo-turomas-inaugura-nova-delegacao-na-cidade-do-mexico\/\" >\n\t\t\t\tTUROMAS M\u00c9XICO: Grupo TUROMAS Inaugura Nova Delega\u00e7\u00e3o na Cidade do M\u00e9xico\t\t\t<\/a>\n\t\t<\/h3>\n\t\t\t\t<\/div>\n\t\t\t\t<\/article>\n\t\t\t\t<article class=\"elementor-post elementor-grid-item post-38809 post type-post status-publish format-standard has-post-thumbnail hentry category-turomas-news-pt tag-carga-pt-pt tag-vidrio-pt-pt\" role=\"listitem\">\n\t\t\t\t<a class=\"elementor-post__thumbnail__link\" href=\"https:\/\/www.turomas.com\/pt-pt\/formar-acompanhar-acreditar-turomas-com-educacao\/\" tabindex=\"-1\" >\n\t\t\t<div class=\"elementor-post__thumbnail\"><img decoding=\"async\" width=\"1024\" height=\"576\" src=\"https:\/\/www.turomas.com\/wp-content\/uploads\/Formar-acompanar-creer-TUROMAS-con-la-educacion-2-1024x576.jpg\" class=\"attachment-large size-large wp-image-38803\" alt=\"\" srcset=\"https:\/\/www.turomas.com\/wp-content\/uploads\/Formar-acompanar-creer-TUROMAS-con-la-educacion-2-1024x576.jpg 1024w, https:\/\/www.turomas.com\/wp-content\/uploads\/Formar-acompanar-creer-TUROMAS-con-la-educacion-2-300x169.jpg 300w, https:\/\/www.turomas.com\/wp-content\/uploads\/Formar-acompanar-creer-TUROMAS-con-la-educacion-2-768x432.jpg 768w, https:\/\/www.turomas.com\/wp-content\/uploads\/Formar-acompanar-creer-TUROMAS-con-la-educacion-2-1536x864.jpg 1536w, https:\/\/www.turomas.com\/wp-content\/uploads\/Formar-acompanar-creer-TUROMAS-con-la-educacion-2.jpg 1920w\" sizes=\"(max-width: 1024px) 100vw, 1024px\" \/><\/div>\n\t\t<\/a>\n\t\t\t\t<div class=\"elementor-post__text\">\n\t\t\t\t<h3 class=\"elementor-post__title\">\n\t\t\t<a href=\"https:\/\/www.turomas.com\/pt-pt\/formar-acompanhar-acreditar-turomas-com-educacao\/\" >\n\t\t\t\tFormar, acompanhar, acreditar: TUROMAS com educa\u00e7\u00e3o\t\t\t<\/a>\n\t\t<\/h3>\n\t\t\t\t<\/div>\n\t\t\t\t<\/article>\n\t\t\t\t<article class=\"elementor-post elementor-grid-item post-38738 post type-post status-publish format-standard has-post-thumbnail hentry category-turomas-news-pt category-turomas-technology-pt\" role=\"listitem\">\n\t\t\t\t<a class=\"elementor-post__thumbnail__link\" href=\"https:\/\/www.turomas.com\/pt-pt\/a-vidres-ponent-renova-o-processo-de-armazenamento-carregamento-e-corte-de-vidro-com-a-tecnologia-turomas-otimizando-a-capacidade-de-armazenamento-em-mais-de-1000m2\/\" tabindex=\"-1\" >\n\t\t\t<div class=\"elementor-post__thumbnail\"><img loading=\"lazy\" decoding=\"async\" width=\"1024\" height=\"540\" src=\"https:\/\/www.turomas.com\/wp-content\/uploads\/DRON-VIDRES-2-1024x540.jpg\" class=\"attachment-large size-large wp-image-38670\" alt=\"\" srcset=\"https:\/\/www.turomas.com\/wp-content\/uploads\/DRON-VIDRES-2-1024x540.jpg 1024w, https:\/\/www.turomas.com\/wp-content\/uploads\/DRON-VIDRES-2-300x158.jpg 300w, https:\/\/www.turomas.com\/wp-content\/uploads\/DRON-VIDRES-2-768x405.jpg 768w, https:\/\/www.turomas.com\/wp-content\/uploads\/DRON-VIDRES-2-1536x810.jpg 1536w, https:\/\/www.turomas.com\/wp-content\/uploads\/DRON-VIDRES-2.jpg 1920w\" sizes=\"(max-width: 1024px) 100vw, 1024px\" \/><\/div>\n\t\t<\/a>\n\t\t\t\t<div class=\"elementor-post__text\">\n\t\t\t\t<h3 class=\"elementor-post__title\">\n\t\t\t<a href=\"https:\/\/www.turomas.com\/pt-pt\/a-vidres-ponent-renova-o-processo-de-armazenamento-carregamento-e-corte-de-vidro-com-a-tecnologia-turomas-otimizando-a-capacidade-de-armazenamento-em-mais-de-1000m2\/\" >\n\t\t\t\tA Vidres Ponent renova o processo de armazenamento, carregamento e corte de vidro com a tecnologia TUROMAS, otimizando a capacidade de armazenamento em mais de 1000m2.\t\t\t<\/a>\n\t\t<\/h3>\n\t\t\t\t<\/div>\n\t\t\t\t<\/article>\n\t\t\t\t<article class=\"elementor-post elementor-grid-item post-38091 post type-post status-publish format-standard has-post-thumbnail hentry category-turomas-news-pt\" role=\"listitem\">\n\t\t\t\t<a class=\"elementor-post__thumbnail__link\" href=\"https:\/\/www.turomas.com\/pt-pt\/vetrotec-novo-agente-comercial-do-turomas\/\" tabindex=\"-1\" >\n\t\t\t<div class=\"elementor-post__thumbnail\"><img loading=\"lazy\" decoding=\"async\" width=\"1024\" height=\"683\" src=\"https:\/\/www.turomas.com\/wp-content\/uploads\/RED-VETROTEC-03-1024x683.jpg\" class=\"attachment-large size-large wp-image-38072\" alt=\"\" srcset=\"https:\/\/www.turomas.com\/wp-content\/uploads\/RED-VETROTEC-03-1024x683.jpg 1024w, https:\/\/www.turomas.com\/wp-content\/uploads\/RED-VETROTEC-03-300x200.jpg 300w, https:\/\/www.turomas.com\/wp-content\/uploads\/RED-VETROTEC-03-768x512.jpg 768w, https:\/\/www.turomas.com\/wp-content\/uploads\/RED-VETROTEC-03-1536x1024.jpg 1536w, https:\/\/www.turomas.com\/wp-content\/uploads\/RED-VETROTEC-03.jpg 1920w\" sizes=\"(max-width: 1024px) 100vw, 1024px\" \/><\/div>\n\t\t<\/a>\n\t\t\t\t<div class=\"elementor-post__text\">\n\t\t\t\t<h3 class=\"elementor-post__title\">\n\t\t\t<a href=\"https:\/\/www.turomas.com\/pt-pt\/vetrotec-novo-agente-comercial-do-turomas\/\" >\n\t\t\t\tVETROTEC, novo agente comercial do TUROMAS\t\t\t<\/a>\n\t\t<\/h3>\n\t\t\t\t<\/div>\n\t\t\t\t<\/article>\n\t\t\t\t<article class=\"elementor-post elementor-grid-item post-24950 post type-post status-publish format-standard has-post-thumbnail hentry category-turomas-in-the-world-pt category-turomas-news-pt category-turomas-technology-pt tag-automatizacion-pt-pt tag-carga-pt-pt tag-corte-do-vidrio tag-decapado-pt-pt tag-vidrio-pt-pt\" role=\"listitem\">\n\t\t\t\t<a class=\"elementor-post__thumbnail__link\" href=\"https:\/\/www.turomas.com\/pt-pt\/a-covipor-confia-mais-uma-vez-na-tecnologia-turomas-2\/\" tabindex=\"-1\" >\n\t\t\t<div class=\"elementor-post__thumbnail\"><img loading=\"lazy\" decoding=\"async\" width=\"1024\" height=\"576\" src=\"https:\/\/www.turomas.com\/wp-content\/uploads\/DJI_0198-1-1024x576.jpg\" class=\"attachment-large size-large wp-image-24893\" alt=\"\" srcset=\"https:\/\/www.turomas.com\/wp-content\/uploads\/DJI_0198-1-1024x576.jpg 1024w, https:\/\/www.turomas.com\/wp-content\/uploads\/DJI_0198-1-300x169.jpg 300w, https:\/\/www.turomas.com\/wp-content\/uploads\/DJI_0198-1-768x432.jpg 768w, https:\/\/www.turomas.com\/wp-content\/uploads\/DJI_0198-1-1536x864.jpg 1536w, https:\/\/www.turomas.com\/wp-content\/uploads\/DJI_0198-1.jpg 1920w\" sizes=\"(max-width: 1024px) 100vw, 1024px\" \/><\/div>\n\t\t<\/a>\n\t\t\t\t<div class=\"elementor-post__text\">\n\t\t\t\t<h3 class=\"elementor-post__title\">\n\t\t\t<a href=\"https:\/\/www.turomas.com\/pt-pt\/a-covipor-confia-mais-uma-vez-na-tecnologia-turomas-2\/\" >\n\t\t\t\tA Covipor confia mais uma vez na tecnologia TUROMAS\t\t\t<\/a>\n\t\t<\/h3>\n\t\t\t\t<\/div>\n\t\t\t\t<\/article>\n\t\t\t\t<\/div>\n\t\t\n\t\t\t\t<div class=\"e-load-more-anchor\" data-page=\"1\" data-max-page=\"4\" data-next-page=\"https:\/\/www.turomas.com\/pt-pt\/wp-json\/wp\/v2\/pages\/819\/page\/2\/\"><\/div>\n\t\t\t\t<nav class=\"elementor-pagination\" aria-label=\"Pagination\">\n\t\t\t<span class=\"page-numbers prev\">< Anterior<\/span>\n<a class=\"page-numbers next\" href=\"https:\/\/www.turomas.com\/pt-pt\/wp-json\/wp\/v2\/pages\/819\/page\/2\/\">Pr\u00f3ximo ><\/a>\t\t<\/nav>\n\t\t\t\t\t\t<\/div>\n\t\t\t\t<\/div>\n\t\t\t\t\t<\/div>\n\t\t<\/div>\n\t\t\t\t\t<\/div>\n\t\t<\/section>\n\t\t\t\t<\/div>\n\t\t","protected":false},"excerpt":{"rendered":"<p>#TuromasNews Eventos feiras instala\u00e7\u00f5es e novidades<\/p>\n","protected":false},"author":1,"featured_media":0,"parent":813,"menu_order":10,"comment_status":"closed","ping_status":"closed","template":"","meta":{"footnotes":""},"class_list":["post-819","page","type-page","status-publish","hentry"],"yoast_head":"<!-- This site is optimized with the Yoast SEO plugin v26.5 - https:\/\/yoast.com\/wordpress\/plugins\/seo\/ -->\n<title>NOT\u00cdCIAS TUROMAS<\/title>\n<meta name=\"description\" content=\"NOT\u00cdCIAS - TUROMAS. Maquinaria Inteligente para Almacenamiento, Carga y Corte de Vidrio\" \/>\n<meta name=\"robots\" content=\"index, follow, max-snippet:-1, max-image-preview:large, max-video-preview:-1\" \/>\n<link rel=\"canonical\" href=\"https:\/\/www.turomas.com\/pt-pt\/noticias\/noticias-pt\/\" \/>\n<meta property=\"og:locale\" content=\"pt_PT\" \/>\n<meta property=\"og:type\" content=\"article\" \/>\n<meta property=\"og:title\" content=\"NOT\u00cdCIAS TUROMAS\" \/>\n<meta property=\"og:description\" content=\"NOT\u00cdCIAS - TUROMAS. Maquinaria Inteligente para Almacenamiento, Carga y Corte de Vidrio\" \/>\n<meta property=\"og:url\" content=\"https:\/\/www.turomas.com\/pt-pt\/noticias\/noticias-pt\/\" \/>\n<meta property=\"og:site_name\" content=\"TUROMAS\" \/>\n<meta property=\"article:publisher\" content=\"https:\/\/www.facebook.com\/turomas.machinery\" \/>\n<meta property=\"article:modified_time\" content=\"2020-02-24T16:21:21+00:00\" \/>\n<meta property=\"og:image\" content=\"https:\/\/www.turomas.com\/wp-content\/uploads\/TUROMAS-Facebook.jpg\" \/>\n\t<meta property=\"og:image:width\" content=\"1200\" \/>\n\t<meta property=\"og:image:height\" content=\"630\" \/>\n\t<meta property=\"og:image:type\" content=\"image\/jpeg\" \/>\n<meta name=\"twitter:card\" content=\"summary_large_image\" \/>\n<meta name=\"twitter:site\" content=\"@turomas\" \/>\n<script type=\"application\/ld+json\" class=\"yoast-schema-graph\">{\"@context\":\"https:\/\/schema.org\",\"@graph\":[{\"@type\":\"WebPage\",\"@id\":\"https:\/\/www.turomas.com\/pt-pt\/noticias\/noticias-pt\/\",\"url\":\"https:\/\/www.turomas.com\/pt-pt\/noticias\/noticias-pt\/\",\"name\":\"NOT\u00cdCIAS TUROMAS\",\"isPartOf\":{\"@id\":\"https:\/\/www.turomas.com\/pt-pt\/#website\"},\"datePublished\":\"2018-02-23T16:16:07+00:00\",\"dateModified\":\"2020-02-24T16:21:21+00:00\",\"description\":\"NOT\u00cdCIAS - TUROMAS. Maquinaria Inteligente para Almacenamiento, Carga y Corte de Vidrio\",\"breadcrumb\":{\"@id\":\"https:\/\/www.turomas.com\/pt-pt\/noticias\/noticias-pt\/#breadcrumb\"},\"inLanguage\":\"pt-PT\",\"potentialAction\":[{\"@type\":\"ReadAction\",\"target\":[\"https:\/\/www.turomas.com\/pt-pt\/noticias\/noticias-pt\/\"]}]},{\"@type\":\"BreadcrumbList\",\"@id\":\"https:\/\/www.turomas.com\/pt-pt\/noticias\/noticias-pt\/#breadcrumb\",\"itemListElement\":[{\"@type\":\"ListItem\",\"position\":1,\"name\":\"INICIO\",\"item\":\"https:\/\/www.turomas.com\/pt-pt\/\"},{\"@type\":\"ListItem\",\"position\":2,\"name\":\"NOT\u00cdCIAS\",\"item\":\"https:\/\/www.turomas.com\/pt-pt\/noticias\/\"},{\"@type\":\"ListItem\",\"position\":3,\"name\":\"NOT\u00cdCIAS\"}]},{\"@type\":\"WebSite\",\"@id\":\"https:\/\/www.turomas.com\/pt-pt\/#website\",\"url\":\"https:\/\/www.turomas.com\/pt-pt\/\",\"name\":\"TUROMAS\",\"description\":\"Our Passion, Your Progress\",\"publisher\":{\"@id\":\"https:\/\/www.turomas.com\/pt-pt\/#organization\"},\"potentialAction\":[{\"@type\":\"SearchAction\",\"target\":{\"@type\":\"EntryPoint\",\"urlTemplate\":\"https:\/\/www.turomas.com\/pt-pt\/?s={search_term_string}\"},\"query-input\":{\"@type\":\"PropertyValueSpecification\",\"valueRequired\":true,\"valueName\":\"search_term_string\"}}],\"inLanguage\":\"pt-PT\"},{\"@type\":\"Organization\",\"@id\":\"https:\/\/www.turomas.com\/pt-pt\/#organization\",\"name\":\"TUROMAS\",\"alternateName\":\"TUROMAS S.L\",\"url\":\"https:\/\/www.turomas.com\/pt-pt\/\",\"logo\":{\"@type\":\"ImageObject\",\"inLanguage\":\"pt-PT\",\"@id\":\"https:\/\/www.turomas.com\/pt-pt\/#\/schema\/logo\/image\/\",\"url\":\"https:\/\/www.turomas.com\/wp-content\/uploads\/2018\/02\/logoturomas.png\",\"contentUrl\":\"https:\/\/www.turomas.com\/wp-content\/uploads\/2018\/02\/logoturomas.png\",\"width\":287,\"height\":61,\"caption\":\"TUROMAS\"},\"image\":{\"@id\":\"https:\/\/www.turomas.com\/pt-pt\/#\/schema\/logo\/image\/\"},\"sameAs\":[\"https:\/\/www.facebook.com\/turomas.machinery\",\"https:\/\/x.com\/turomas\"]}]}<\/script>\n<!-- \/ Yoast SEO plugin. -->","yoast_head_json":{"title":"NOT\u00cdCIAS TUROMAS","description":"NOT\u00cdCIAS - TUROMAS. Maquinaria Inteligente para Almacenamiento, Carga y Corte de Vidrio","robots":{"index":"index","follow":"follow","max-snippet":"max-snippet:-1","max-image-preview":"max-image-preview:large","max-video-preview":"max-video-preview:-1"},"canonical":"https:\/\/www.turomas.com\/pt-pt\/noticias\/noticias-pt\/","og_locale":"pt_PT","og_type":"article","og_title":"NOT\u00cdCIAS TUROMAS","og_description":"NOT\u00cdCIAS - TUROMAS. Maquinaria Inteligente para Almacenamiento, Carga y Corte de Vidrio","og_url":"https:\/\/www.turomas.com\/pt-pt\/noticias\/noticias-pt\/","og_site_name":"TUROMAS","article_publisher":"https:\/\/www.facebook.com\/turomas.machinery","article_modified_time":"2020-02-24T16:21:21+00:00","og_image":[{"width":1200,"height":630,"url":"https:\/\/www.turomas.com\/wp-content\/uploads\/TUROMAS-Facebook.jpg","type":"image\/jpeg"}],"twitter_card":"summary_large_image","twitter_site":"@turomas","schema":{"@context":"https:\/\/schema.org","@graph":[{"@type":"WebPage","@id":"https:\/\/www.turomas.com\/pt-pt\/noticias\/noticias-pt\/","url":"https:\/\/www.turomas.com\/pt-pt\/noticias\/noticias-pt\/","name":"NOT\u00cdCIAS TUROMAS","isPartOf":{"@id":"https:\/\/www.turomas.com\/pt-pt\/#website"},"datePublished":"2018-02-23T16:16:07+00:00","dateModified":"2020-02-24T16:21:21+00:00","description":"NOT\u00cdCIAS - TUROMAS. Maquinaria Inteligente para Almacenamiento, Carga y Corte de Vidrio","breadcrumb":{"@id":"https:\/\/www.turomas.com\/pt-pt\/noticias\/noticias-pt\/#breadcrumb"},"inLanguage":"pt-PT","potentialAction":[{"@type":"ReadAction","target":["https:\/\/www.turomas.com\/pt-pt\/noticias\/noticias-pt\/"]}]},{"@type":"BreadcrumbList","@id":"https:\/\/www.turomas.com\/pt-pt\/noticias\/noticias-pt\/#breadcrumb","itemListElement":[{"@type":"ListItem","position":1,"name":"INICIO","item":"https:\/\/www.turomas.com\/pt-pt\/"},{"@type":"ListItem","position":2,"name":"NOT\u00cdCIAS","item":"https:\/\/www.turomas.com\/pt-pt\/noticias\/"},{"@type":"ListItem","position":3,"name":"NOT\u00cdCIAS"}]},{"@type":"WebSite","@id":"https:\/\/www.turomas.com\/pt-pt\/#website","url":"https:\/\/www.turomas.com\/pt-pt\/","name":"TUROMAS","description":"Our Passion, Your Progress","publisher":{"@id":"https:\/\/www.turomas.com\/pt-pt\/#organization"},"potentialAction":[{"@type":"SearchAction","target":{"@type":"EntryPoint","urlTemplate":"https:\/\/www.turomas.com\/pt-pt\/?s={search_term_string}"},"query-input":{"@type":"PropertyValueSpecification","valueRequired":true,"valueName":"search_term_string"}}],"inLanguage":"pt-PT"},{"@type":"Organization","@id":"https:\/\/www.turomas.com\/pt-pt\/#organization","name":"TUROMAS","alternateName":"TUROMAS S.L","url":"https:\/\/www.turomas.com\/pt-pt\/","logo":{"@type":"ImageObject","inLanguage":"pt-PT","@id":"https:\/\/www.turomas.com\/pt-pt\/#\/schema\/logo\/image\/","url":"https:\/\/www.turomas.com\/wp-content\/uploads\/2018\/02\/logoturomas.png","contentUrl":"https:\/\/www.turomas.com\/wp-content\/uploads\/2018\/02\/logoturomas.png","width":287,"height":61,"caption":"TUROMAS"},"image":{"@id":"https:\/\/www.turomas.com\/pt-pt\/#\/schema\/logo\/image\/"},"sameAs":["https:\/\/www.facebook.com\/turomas.machinery","https:\/\/x.com\/turomas"]}]}},"_links":{"self":[{"href":"https:\/\/www.turomas.com\/pt-pt\/wp-json\/wp\/v2\/pages\/819","targetHints":{"allow":["GET"]}}],"collection":[{"href":"https:\/\/www.turomas.com\/pt-pt\/wp-json\/wp\/v2\/pages"}],"about":[{"href":"https:\/\/www.turomas.com\/pt-pt\/wp-json\/wp\/v2\/types\/page"}],"author":[{"embeddable":true,"href":"https:\/\/www.turomas.com\/pt-pt\/wp-json\/wp\/v2\/users\/1"}],"replies":[{"embeddable":true,"href":"https:\/\/www.turomas.com\/pt-pt\/wp-json\/wp\/v2\/comments?post=819"}],"version-history":[{"count":0,"href":"https:\/\/www.turomas.com\/pt-pt\/wp-json\/wp\/v2\/pages\/819\/revisions"}],"up":[{"embeddable":true,"href":"https:\/\/www.turomas.com\/pt-pt\/wp-json\/wp\/v2\/pages\/813"}],"wp:attachment":[{"href":"https:\/\/www.turomas.com\/pt-pt\/wp-json\/wp\/v2\/media?parent=819"}],"curies":[{"name":"wp","href":"https:\/\/api.w.org\/{rel}","templated":true}]}}