{"id":9779,"date":"2019-08-01T11:03:17","date_gmt":"2019-08-01T10:03:17","guid":{"rendered":"https:\/\/www.turomas.com\/noticias\/turomas-technology\/"},"modified":"2020-02-24T17:22:56","modified_gmt":"2020-02-24T16:22:56","slug":"turomas-technology","status":"publish","type":"page","link":"https:\/\/www.turomas.com\/pt-pt\/noticias\/turomas-technology\/","title":{"rendered":"TUROMAS TECHNOLOGY"},"content":{"rendered":"\t\t<div data-elementor-type=\"wp-post\" data-elementor-id=\"9779\" class=\"elementor elementor-9779 elementor-9622\" data-elementor-post-type=\"page\">\n\t\t\t\t\t\t<section class=\"elementor-section elementor-top-section elementor-element elementor-element-b45e756 elementor-section-height-min-height elementor-section-boxed elementor-section-height-default elementor-section-items-middle\" data-id=\"b45e756\" data-element_type=\"section\">\n\t\t\t\t\t\t<div class=\"elementor-container elementor-column-gap-default\">\n\t\t\t\t\t<div class=\"elementor-column elementor-col-100 elementor-top-column elementor-element elementor-element-6772882\" data-id=\"6772882\" data-element_type=\"column\">\n\t\t\t<div class=\"elementor-widget-wrap elementor-element-populated\">\n\t\t\t\t\t\t<div class=\"elementor-element elementor-element-ac12dcf elementor-widget elementor-widget-heading\" data-id=\"ac12dcf\" data-element_type=\"widget\" data-widget_type=\"heading.default\">\n\t\t\t\t<div class=\"elementor-widget-container\">\n\t\t\t\t\t<h2 class=\"elementor-heading-title elementor-size-default\">#TuromasTechnology<\/h2>\t\t\t\t<\/div>\n\t\t\t\t<\/div>\n\t\t\t\t<div class=\"elementor-element elementor-element-80498f3 elementor-widget elementor-widget-text-editor\" data-id=\"80498f3\" data-element_type=\"widget\" data-widget_type=\"text-editor.default\">\n\t\t\t\t<div class=\"elementor-widget-container\">\n\t\t\t\t\t\t\t\t\t<p>Artigos sobre os avan\u00e7os tecnol\u00f3gicos que as m\u00e1quinas Turomas incorporam. Solu\u00e7\u00f5es inovadoras que transformam as empresas e ajudam a melhorar a efic\u00e1cia e efici\u00eancia de seus processos.\u00a0<\/p>\t\t\t\t\t\t\t\t<\/div>\n\t\t\t\t<\/div>\n\t\t\t\t\t<\/div>\n\t\t<\/div>\n\t\t\t\t\t<\/div>\n\t\t<\/section>\n\t\t\t\t<section class=\"elementor-section elementor-top-section elementor-element elementor-element-e6aa26e elementor-section-boxed elementor-section-height-default elementor-section-height-default\" data-id=\"e6aa26e\" data-element_type=\"section\">\n\t\t\t\t\t\t<div class=\"elementor-container elementor-column-gap-default\">\n\t\t\t\t\t<div class=\"elementor-column elementor-col-100 elementor-top-column elementor-element elementor-element-1701a67\" data-id=\"1701a67\" data-element_type=\"column\">\n\t\t\t<div class=\"elementor-widget-wrap elementor-element-populated\">\n\t\t\t\t\t\t<div class=\"elementor-element elementor-element-5f07c55 elementor-grid-3 elementor-grid-tablet-2 elementor-grid-mobile-1 elementor-posts--thumbnail-top elementor-widget elementor-widget-posts\" data-id=\"5f07c55\" data-element_type=\"widget\" data-settings=\"{&quot;classic_columns&quot;:&quot;3&quot;,&quot;classic_columns_tablet&quot;:&quot;2&quot;,&quot;classic_columns_mobile&quot;:&quot;1&quot;,&quot;classic_row_gap&quot;:{&quot;unit&quot;:&quot;px&quot;,&quot;size&quot;:35,&quot;sizes&quot;:[]},&quot;classic_row_gap_tablet&quot;:{&quot;unit&quot;:&quot;px&quot;,&quot;size&quot;:&quot;&quot;,&quot;sizes&quot;:[]},&quot;classic_row_gap_mobile&quot;:{&quot;unit&quot;:&quot;px&quot;,&quot;size&quot;:&quot;&quot;,&quot;sizes&quot;:[]}}\" data-widget_type=\"posts.classic\">\n\t\t\t\t<div class=\"elementor-widget-container\">\n\t\t\t\t\t\t\t<div class=\"elementor-posts-container elementor-posts elementor-posts--skin-classic elementor-grid\" role=\"list\">\n\t\t\t\t<article class=\"elementor-post elementor-grid-item post-39080 post type-post status-publish format-standard hentry category-turomas-news-pt category-turomas-technology-pt\" role=\"listitem\">\n\t\t\t\t<div class=\"elementor-post__text\">\n\t\t\t\t<h3 class=\"elementor-post__title\">\n\t\t\t<a href=\"https:\/\/www.turomas.com\/pt-pt\/40-anos-da-turomas-de-uma-oficina-em-rubielos-para-o-mundo\/\" >\n\t\t\t\t40 anos da TUROMAS: de uma oficina em Rubielos de Mora  a uma empresa internacional.\t\t\t<\/a>\n\t\t<\/h3>\n\t\t\t\t<div class=\"elementor-post__excerpt\">\n\t\t\t<p>Em 2025, a TUROMAS comemora quatro d\u00e9cadas de trajet\u00f3ria, consolidando-se como uma empresa familiar de refer\u00eancia internacional no projeto e fabrica\u00e7\u00e3o de m\u00e1quinas inteligentes para armazenamento, carregamento e corte de vidro monol\u00edtico e laminado. <\/p>\n\t\t<\/div>\n\t\t\n\t\t<a class=\"elementor-post__read-more\" href=\"https:\/\/www.turomas.com\/pt-pt\/40-anos-da-turomas-de-uma-oficina-em-rubielos-para-o-mundo\/\" aria-label=\"Read more about 40 anos da TUROMAS: de uma oficina em Rubielos de Mora  a uma empresa internacional.\" tabindex=\"-1\" >\n\t\t\tLer Mais &gt;&gt;\t\t<\/a>\n\n\t\t\t\t<\/div>\n\t\t\t\t<\/article>\n\t\t\t\t<article class=\"elementor-post elementor-grid-item post-38975 post type-post status-publish format-standard has-post-thumbnail hentry category-turomas-news-pt category-turomas-technology-pt\" role=\"listitem\">\n\t\t\t\t<a class=\"elementor-post__thumbnail__link\" href=\"https:\/\/www.turomas.com\/pt-pt\/glasstech-mexico-2025-a-estreia-da-turomas-mexico\/\" tabindex=\"-1\" >\n\t\t\t<div class=\"elementor-post__thumbnail\"><img fetchpriority=\"high\" decoding=\"async\" width=\"1697\" height=\"1920\" src=\"https:\/\/www.turomas.com\/wp-content\/uploads\/glasstech-mexico-2025-1.jpg\" class=\"attachment-full size-full wp-image-38963\" alt=\"\" srcset=\"https:\/\/www.turomas.com\/wp-content\/uploads\/glasstech-mexico-2025-1.jpg 1697w, https:\/\/www.turomas.com\/wp-content\/uploads\/glasstech-mexico-2025-1-265x300.jpg 265w, https:\/\/www.turomas.com\/wp-content\/uploads\/glasstech-mexico-2025-1-905x1024.jpg 905w, https:\/\/www.turomas.com\/wp-content\/uploads\/glasstech-mexico-2025-1-768x869.jpg 768w, https:\/\/www.turomas.com\/wp-content\/uploads\/glasstech-mexico-2025-1-1358x1536.jpg 1358w\" sizes=\"(max-width: 1697px) 100vw, 1697px\" \/><\/div>\n\t\t<\/a>\n\t\t\t\t<div class=\"elementor-post__text\">\n\t\t\t\t<h3 class=\"elementor-post__title\">\n\t\t\t<a href=\"https:\/\/www.turomas.com\/pt-pt\/glasstech-mexico-2025-a-estreia-da-turomas-mexico\/\" >\n\t\t\t\tGlasstech M\u00e9xico 2025: a estreia da TUROMAS M\u00c9XICO\t\t\t<\/a>\n\t\t<\/h3>\n\t\t\t\t<div class=\"elementor-post__excerpt\">\n\t\t\t<p>Glasstech M\u00e9xico 2025: a estreia da TUROMAS M\u00c9XICO #TuromasNews A Glasstech M\u00e9xico 2025 marcou um antes e um depois para o GRUPO TUROMAS. A feira, realizada de 16 a 18 de julho no Centro Citibanamex da Cidade do M\u00e9xico, fez parte da estreia oficial da nova delega\u00e7\u00e3o TUROMAS M\u00c9XICO, consolidando a aposta do grupo na<\/p>\n\t\t<\/div>\n\t\t\n\t\t<a class=\"elementor-post__read-more\" href=\"https:\/\/www.turomas.com\/pt-pt\/glasstech-mexico-2025-a-estreia-da-turomas-mexico\/\" aria-label=\"Read more about Glasstech M\u00e9xico 2025: a estreia da TUROMAS M\u00c9XICO\" tabindex=\"-1\" >\n\t\t\tLer Mais &gt;&gt;\t\t<\/a>\n\n\t\t\t\t<\/div>\n\t\t\t\t<\/article>\n\t\t\t\t<article class=\"elementor-post elementor-grid-item post-39034 post type-post status-publish format-standard has-post-thumbnail hentry category-noticias-pt-pt category-turomas-technology-pt\" role=\"listitem\">\n\t\t\t\t<a class=\"elementor-post__thumbnail__link\" href=\"https:\/\/www.turomas.com\/pt-pt\/crielec-vidres-s-l-inovando-para-liderar-o-setor-do-vidro-duplo\/\" tabindex=\"-1\" >\n\t\t\t<div class=\"elementor-post__thumbnail\"><img decoding=\"async\" width=\"1920\" height=\"1280\" src=\"https:\/\/www.turomas.com\/wp-content\/uploads\/CRIELEC-MAQUINARIA-TUROMAS-3.jpg\" class=\"attachment-full size-full wp-image-38912\" alt=\"\" srcset=\"https:\/\/www.turomas.com\/wp-content\/uploads\/CRIELEC-MAQUINARIA-TUROMAS-3.jpg 1920w, https:\/\/www.turomas.com\/wp-content\/uploads\/CRIELEC-MAQUINARIA-TUROMAS-3-300x200.jpg 300w, https:\/\/www.turomas.com\/wp-content\/uploads\/CRIELEC-MAQUINARIA-TUROMAS-3-1024x683.jpg 1024w, https:\/\/www.turomas.com\/wp-content\/uploads\/CRIELEC-MAQUINARIA-TUROMAS-3-768x512.jpg 768w, https:\/\/www.turomas.com\/wp-content\/uploads\/CRIELEC-MAQUINARIA-TUROMAS-3-1536x1024.jpg 1536w\" sizes=\"(max-width: 1920px) 100vw, 1920px\" \/><\/div>\n\t\t<\/a>\n\t\t\t\t<div class=\"elementor-post__text\">\n\t\t\t\t<h3 class=\"elementor-post__title\">\n\t\t\t<a href=\"https:\/\/www.turomas.com\/pt-pt\/crielec-vidres-s-l-inovando-para-liderar-o-setor-do-vidro-duplo\/\" >\n\t\t\t\tCrielec Vidres S.L.: Inovando para liderar o setor do vidro duplo\t\t\t<\/a>\n\t\t<\/h3>\n\t\t\t\t<div class=\"elementor-post__excerpt\">\n\t\t\t<p>Crielec Vidres S.L.: Inovando para liderar o setor do vidro duplo #TuromasNews De oficina familiar a refer\u00eancia em vidro para c\u00e2maras A Crielec Vidres S.L. come\u00e7ou em 1980 como uma oficina familiar no mundo do vidro. Desde esses primeiros passos, a empresa evoluiu, n\u00e3o s\u00f3 em tamanho, mas tamb\u00e9m no tipo de produtos e servi\u00e7os<\/p>\n\t\t<\/div>\n\t\t\n\t\t<a class=\"elementor-post__read-more\" href=\"https:\/\/www.turomas.com\/pt-pt\/crielec-vidres-s-l-inovando-para-liderar-o-setor-do-vidro-duplo\/\" aria-label=\"Read more about Crielec Vidres S.L.: Inovando para liderar o setor do vidro duplo\" tabindex=\"-1\" >\n\t\t\tLer Mais &gt;&gt;\t\t<\/a>\n\n\t\t\t\t<\/div>\n\t\t\t\t<\/article>\n\t\t\t\t<article class=\"elementor-post elementor-grid-item post-38738 post type-post status-publish format-standard has-post-thumbnail hentry category-turomas-news-pt category-turomas-technology-pt\" role=\"listitem\">\n\t\t\t\t<a class=\"elementor-post__thumbnail__link\" href=\"https:\/\/www.turomas.com\/pt-pt\/a-vidres-ponent-renova-o-processo-de-armazenamento-carregamento-e-corte-de-vidro-com-a-tecnologia-turomas-otimizando-a-capacidade-de-armazenamento-em-mais-de-1000m2\/\" tabindex=\"-1\" >\n\t\t\t<div class=\"elementor-post__thumbnail\"><img decoding=\"async\" width=\"1920\" height=\"1012\" src=\"https:\/\/www.turomas.com\/wp-content\/uploads\/DRON-VIDRES-2.jpg\" class=\"attachment-full size-full wp-image-38670\" alt=\"\" srcset=\"https:\/\/www.turomas.com\/wp-content\/uploads\/DRON-VIDRES-2.jpg 1920w, https:\/\/www.turomas.com\/wp-content\/uploads\/DRON-VIDRES-2-300x158.jpg 300w, https:\/\/www.turomas.com\/wp-content\/uploads\/DRON-VIDRES-2-1024x540.jpg 1024w, https:\/\/www.turomas.com\/wp-content\/uploads\/DRON-VIDRES-2-768x405.jpg 768w, https:\/\/www.turomas.com\/wp-content\/uploads\/DRON-VIDRES-2-1536x810.jpg 1536w\" sizes=\"(max-width: 1920px) 100vw, 1920px\" \/><\/div>\n\t\t<\/a>\n\t\t\t\t<div class=\"elementor-post__text\">\n\t\t\t\t<h3 class=\"elementor-post__title\">\n\t\t\t<a href=\"https:\/\/www.turomas.com\/pt-pt\/a-vidres-ponent-renova-o-processo-de-armazenamento-carregamento-e-corte-de-vidro-com-a-tecnologia-turomas-otimizando-a-capacidade-de-armazenamento-em-mais-de-1000m2\/\" >\n\t\t\t\tA Vidres Ponent renova o processo de armazenamento, carregamento e corte de vidro com a tecnologia TUROMAS, otimizando a capacidade de armazenamento em mais de 1000m2.\t\t\t<\/a>\n\t\t<\/h3>\n\t\t\t\t<div class=\"elementor-post__excerpt\">\n\t\t\t<p>A Vidres Ponent renova o processo de armazenamento, carregamento e corte de vidro com a tecnologia TUROMAS, otimizando a capacidade de armazenamento em mais de 1000m2. A Vidres Ponent, S.L., fundada em 1992 em Torrefarrera, Lleida, \u00e9 uma empresa especializada na fabrica\u00e7\u00e3o e transforma\u00e7\u00e3o de vidro plano para constru\u00e7\u00e3o e arquitetura. Ao longo de mais<\/p>\n\t\t<\/div>\n\t\t\n\t\t<a class=\"elementor-post__read-more\" href=\"https:\/\/www.turomas.com\/pt-pt\/a-vidres-ponent-renova-o-processo-de-armazenamento-carregamento-e-corte-de-vidro-com-a-tecnologia-turomas-otimizando-a-capacidade-de-armazenamento-em-mais-de-1000m2\/\" aria-label=\"Read more about A Vidres Ponent renova o processo de armazenamento, carregamento e corte de vidro com a tecnologia TUROMAS, otimizando a capacidade de armazenamento em mais de 1000m2.\" tabindex=\"-1\" >\n\t\t\tLer Mais &gt;&gt;\t\t<\/a>\n\n\t\t\t\t<\/div>\n\t\t\t\t<\/article>\n\t\t\t\t<article class=\"elementor-post elementor-grid-item post-38571 post type-post status-publish format-standard has-post-thumbnail hentry category-turomas-in-the-world-pt category-turomas-technology-pt tag-automatizacion-pt-pt tag-carga-pt-pt tag-vidrio-pt-pt\" role=\"listitem\">\n\t\t\t\t<a class=\"elementor-post__thumbnail__link\" href=\"https:\/\/www.turomas.com\/pt-pt\/maximizar-o-espaco-e-a-produtividade-a-experiencia-de-over-the-mountain-com-turomas\/\" tabindex=\"-1\" >\n\t\t\t<div class=\"elementor-post__thumbnail\"><img loading=\"lazy\" decoding=\"async\" width=\"1920\" height=\"1045\" src=\"https:\/\/www.turomas.com\/wp-content\/uploads\/Over-the-Montain1-1.png\" class=\"attachment-full size-full wp-image-38542\" alt=\"\" srcset=\"https:\/\/www.turomas.com\/wp-content\/uploads\/Over-the-Montain1-1.png 1920w, https:\/\/www.turomas.com\/wp-content\/uploads\/Over-the-Montain1-1-300x163.png 300w, https:\/\/www.turomas.com\/wp-content\/uploads\/Over-the-Montain1-1-1024x557.png 1024w, https:\/\/www.turomas.com\/wp-content\/uploads\/Over-the-Montain1-1-768x418.png 768w, https:\/\/www.turomas.com\/wp-content\/uploads\/Over-the-Montain1-1-1536x836.png 1536w\" sizes=\"(max-width: 1920px) 100vw, 1920px\" \/><\/div>\n\t\t<\/a>\n\t\t\t\t<div class=\"elementor-post__text\">\n\t\t\t\t<h3 class=\"elementor-post__title\">\n\t\t\t<a href=\"https:\/\/www.turomas.com\/pt-pt\/maximizar-o-espaco-e-a-produtividade-a-experiencia-de-over-the-mountain-com-turomas\/\" >\n\t\t\t\tMaximizar o espa\u00e7o e a produtividade: A experi\u00eancia de Over the Mountain com TUROMAS.\t\t\t<\/a>\n\t\t<\/h3>\n\t\t\t\t<div class=\"elementor-post__excerpt\">\n\t\t\t<p>Maximizar o espa\u00e7o e a produtividade: A experi\u00eancia de Over the Mountain com TUROMAS. Over the Mountain Glass actualiza o seu sistema de armazenamento de vidro gra\u00e7as \u00e0 TUROMAS. Com um enfoque na personaliza\u00e7\u00e3o e uma gama de produtos que vai desde duches de vidro pesado a corrim\u00f5es e espelhos biselados, a empresa tem sido<\/p>\n\t\t<\/div>\n\t\t\n\t\t<a class=\"elementor-post__read-more\" href=\"https:\/\/www.turomas.com\/pt-pt\/maximizar-o-espaco-e-a-produtividade-a-experiencia-de-over-the-mountain-com-turomas\/\" aria-label=\"Read more about Maximizar o espa\u00e7o e a produtividade: A experi\u00eancia de Over the Mountain com TUROMAS.\" tabindex=\"-1\" >\n\t\t\tLer Mais &gt;&gt;\t\t<\/a>\n\n\t\t\t\t<\/div>\n\t\t\t\t<\/article>\n\t\t\t\t<article class=\"elementor-post elementor-grid-item post-38531 post type-post status-publish format-standard has-post-thumbnail hentry category-turomas-technology-pt\" role=\"listitem\">\n\t\t\t\t<a class=\"elementor-post__thumbnail__link\" href=\"https:\/\/www.turomas.com\/pt-pt\/lam-ba-solucao-para-cortar-balaustradas-de-vidro-laminado\/\" tabindex=\"-1\" >\n\t\t\t<div class=\"elementor-post__thumbnail\"><img loading=\"lazy\" decoding=\"async\" width=\"1920\" height=\"1080\" src=\"https:\/\/www.turomas.com\/wp-content\/uploads\/DJI_0236.jpg\" class=\"attachment-full size-full wp-image-38498\" alt=\"\" srcset=\"https:\/\/www.turomas.com\/wp-content\/uploads\/DJI_0236.jpg 1920w, https:\/\/www.turomas.com\/wp-content\/uploads\/DJI_0236-300x169.jpg 300w, https:\/\/www.turomas.com\/wp-content\/uploads\/DJI_0236-1024x576.jpg 1024w, https:\/\/www.turomas.com\/wp-content\/uploads\/DJI_0236-768x432.jpg 768w, https:\/\/www.turomas.com\/wp-content\/uploads\/DJI_0236-1536x864.jpg 1536w\" sizes=\"(max-width: 1920px) 100vw, 1920px\" \/><\/div>\n\t\t<\/a>\n\t\t\t\t<div class=\"elementor-post__text\">\n\t\t\t\t<h3 class=\"elementor-post__title\">\n\t\t\t<a href=\"https:\/\/www.turomas.com\/pt-pt\/lam-ba-solucao-para-cortar-balaustradas-de-vidro-laminado\/\" >\n\t\t\t\tLAM-BA: Solu\u00e7\u00e3o para cortar balaustradas de vidro laminado\t\t\t<\/a>\n\t\t<\/h3>\n\t\t\t\t<div class=\"elementor-post__excerpt\">\n\t\t\t<p>LAM-BA: Solu\u00e7\u00e3o para cortar balaustradas de vidro laminado A TUROMAS responde a uma das necessidades actuais do mercado vidreiro com o novo sistema de corte para balaustradas de vidro laminado de seguran\u00e7a. Composto por dois batentes mec\u00e2nicos que permitem um posicionamento \u00e1gil e preciso, o novo sistema TUROMAS elimina a necessidade de ferramentas adicionais e<\/p>\n\t\t<\/div>\n\t\t\n\t\t<a class=\"elementor-post__read-more\" href=\"https:\/\/www.turomas.com\/pt-pt\/lam-ba-solucao-para-cortar-balaustradas-de-vidro-laminado\/\" aria-label=\"Read more about LAM-BA: Solu\u00e7\u00e3o para cortar balaustradas de vidro laminado\" tabindex=\"-1\" >\n\t\t\tLer Mais &gt;&gt;\t\t<\/a>\n\n\t\t\t\t<\/div>\n\t\t\t\t<\/article>\n\t\t\t\t<\/div>\n\t\t\n\t\t\t\t\t\t<\/div>\n\t\t\t\t<\/div>\n\t\t\t\t\t<\/div>\n\t\t<\/div>\n\t\t\t\t\t<\/div>\n\t\t<\/section>\n\t\t\t\t<\/div>\n\t\t","protected":false},"excerpt":{"rendered":"<p>#TuromasTechnology Artigos sobre os avan\u00e7os tecnol\u00f3gicos que as m\u00e1quinas Turomas incorporam. Solu\u00e7\u00f5es inovadoras que transformam as empresas e ajudam a melhorar a efic\u00e1cia e efici\u00eancia de seus processos.\u00a0<\/p>\n","protected":false},"author":1,"featured_media":0,"parent":813,"menu_order":10,"comment_status":"closed","ping_status":"closed","template":"","meta":{"footnotes":""},"class_list":["post-9779","page","type-page","status-publish","hentry"],"yoast_head":"<!-- This site is optimized with the Yoast SEO plugin v26.5 - https:\/\/yoast.com\/wordpress\/plugins\/seo\/ -->\n<title>TUROMAS TECHNOLOGY TUROMAS<\/title>\n<meta name=\"description\" content=\"TUROMAS TECHNOLOGY - TUROMAS. Maquinaria Inteligente para Almacenamiento, Carga y Corte de Vidrio\" \/>\n<meta name=\"robots\" content=\"index, follow, max-snippet:-1, max-image-preview:large, max-video-preview:-1\" \/>\n<link rel=\"canonical\" href=\"https:\/\/www.turomas.com\/pt-pt\/noticias\/turomas-technology\/\" \/>\n<meta property=\"og:locale\" content=\"pt_PT\" \/>\n<meta property=\"og:type\" content=\"article\" \/>\n<meta property=\"og:title\" content=\"TUROMAS TECHNOLOGY TUROMAS\" \/>\n<meta property=\"og:description\" content=\"TUROMAS TECHNOLOGY - TUROMAS. Maquinaria Inteligente para Almacenamiento, Carga y Corte de Vidrio\" \/>\n<meta property=\"og:url\" content=\"https:\/\/www.turomas.com\/pt-pt\/noticias\/turomas-technology\/\" \/>\n<meta property=\"og:site_name\" content=\"TUROMAS\" \/>\n<meta property=\"article:publisher\" content=\"https:\/\/www.facebook.com\/turomas.machinery\" \/>\n<meta property=\"article:modified_time\" content=\"2020-02-24T16:22:56+00:00\" \/>\n<meta property=\"og:image\" content=\"https:\/\/www.turomas.com\/wp-content\/uploads\/TUROMAS-Facebook.jpg\" \/>\n\t<meta property=\"og:image:width\" content=\"1200\" \/>\n\t<meta property=\"og:image:height\" content=\"630\" \/>\n\t<meta property=\"og:image:type\" content=\"image\/jpeg\" \/>\n<meta name=\"twitter:card\" content=\"summary_large_image\" \/>\n<meta name=\"twitter:site\" content=\"@turomas\" \/>\n<script type=\"application\/ld+json\" class=\"yoast-schema-graph\">{\"@context\":\"https:\/\/schema.org\",\"@graph\":[{\"@type\":\"WebPage\",\"@id\":\"https:\/\/www.turomas.com\/pt-pt\/noticias\/turomas-technology\/\",\"url\":\"https:\/\/www.turomas.com\/pt-pt\/noticias\/turomas-technology\/\",\"name\":\"TUROMAS TECHNOLOGY TUROMAS\",\"isPartOf\":{\"@id\":\"https:\/\/www.turomas.com\/pt-pt\/#website\"},\"datePublished\":\"2019-08-01T10:03:17+00:00\",\"dateModified\":\"2020-02-24T16:22:56+00:00\",\"description\":\"TUROMAS TECHNOLOGY - TUROMAS. Maquinaria Inteligente para Almacenamiento, Carga y Corte de Vidrio\",\"breadcrumb\":{\"@id\":\"https:\/\/www.turomas.com\/pt-pt\/noticias\/turomas-technology\/#breadcrumb\"},\"inLanguage\":\"pt-PT\",\"potentialAction\":[{\"@type\":\"ReadAction\",\"target\":[\"https:\/\/www.turomas.com\/pt-pt\/noticias\/turomas-technology\/\"]}]},{\"@type\":\"BreadcrumbList\",\"@id\":\"https:\/\/www.turomas.com\/pt-pt\/noticias\/turomas-technology\/#breadcrumb\",\"itemListElement\":[{\"@type\":\"ListItem\",\"position\":1,\"name\":\"INICIO\",\"item\":\"https:\/\/www.turomas.com\/pt-pt\/\"},{\"@type\":\"ListItem\",\"position\":2,\"name\":\"NOT\u00cdCIAS\",\"item\":\"https:\/\/www.turomas.com\/pt-pt\/noticias\/\"},{\"@type\":\"ListItem\",\"position\":3,\"name\":\"TUROMAS TECHNOLOGY\"}]},{\"@type\":\"WebSite\",\"@id\":\"https:\/\/www.turomas.com\/pt-pt\/#website\",\"url\":\"https:\/\/www.turomas.com\/pt-pt\/\",\"name\":\"TUROMAS\",\"description\":\"Our Passion, Your Progress\",\"publisher\":{\"@id\":\"https:\/\/www.turomas.com\/pt-pt\/#organization\"},\"potentialAction\":[{\"@type\":\"SearchAction\",\"target\":{\"@type\":\"EntryPoint\",\"urlTemplate\":\"https:\/\/www.turomas.com\/pt-pt\/?s={search_term_string}\"},\"query-input\":{\"@type\":\"PropertyValueSpecification\",\"valueRequired\":true,\"valueName\":\"search_term_string\"}}],\"inLanguage\":\"pt-PT\"},{\"@type\":\"Organization\",\"@id\":\"https:\/\/www.turomas.com\/pt-pt\/#organization\",\"name\":\"TUROMAS\",\"alternateName\":\"TUROMAS S.L\",\"url\":\"https:\/\/www.turomas.com\/pt-pt\/\",\"logo\":{\"@type\":\"ImageObject\",\"inLanguage\":\"pt-PT\",\"@id\":\"https:\/\/www.turomas.com\/pt-pt\/#\/schema\/logo\/image\/\",\"url\":\"https:\/\/www.turomas.com\/wp-content\/uploads\/2018\/02\/logoturomas.png\",\"contentUrl\":\"https:\/\/www.turomas.com\/wp-content\/uploads\/2018\/02\/logoturomas.png\",\"width\":287,\"height\":61,\"caption\":\"TUROMAS\"},\"image\":{\"@id\":\"https:\/\/www.turomas.com\/pt-pt\/#\/schema\/logo\/image\/\"},\"sameAs\":[\"https:\/\/www.facebook.com\/turomas.machinery\",\"https:\/\/x.com\/turomas\"]}]}<\/script>\n<!-- \/ Yoast SEO plugin. -->","yoast_head_json":{"title":"TUROMAS TECHNOLOGY TUROMAS","description":"TUROMAS TECHNOLOGY - TUROMAS. Maquinaria Inteligente para Almacenamiento, Carga y Corte de Vidrio","robots":{"index":"index","follow":"follow","max-snippet":"max-snippet:-1","max-image-preview":"max-image-preview:large","max-video-preview":"max-video-preview:-1"},"canonical":"https:\/\/www.turomas.com\/pt-pt\/noticias\/turomas-technology\/","og_locale":"pt_PT","og_type":"article","og_title":"TUROMAS TECHNOLOGY TUROMAS","og_description":"TUROMAS TECHNOLOGY - TUROMAS. Maquinaria Inteligente para Almacenamiento, Carga y Corte de Vidrio","og_url":"https:\/\/www.turomas.com\/pt-pt\/noticias\/turomas-technology\/","og_site_name":"TUROMAS","article_publisher":"https:\/\/www.facebook.com\/turomas.machinery","article_modified_time":"2020-02-24T16:22:56+00:00","og_image":[{"width":1200,"height":630,"url":"https:\/\/www.turomas.com\/wp-content\/uploads\/TUROMAS-Facebook.jpg","type":"image\/jpeg"}],"twitter_card":"summary_large_image","twitter_site":"@turomas","schema":{"@context":"https:\/\/schema.org","@graph":[{"@type":"WebPage","@id":"https:\/\/www.turomas.com\/pt-pt\/noticias\/turomas-technology\/","url":"https:\/\/www.turomas.com\/pt-pt\/noticias\/turomas-technology\/","name":"TUROMAS TECHNOLOGY TUROMAS","isPartOf":{"@id":"https:\/\/www.turomas.com\/pt-pt\/#website"},"datePublished":"2019-08-01T10:03:17+00:00","dateModified":"2020-02-24T16:22:56+00:00","description":"TUROMAS TECHNOLOGY - TUROMAS. Maquinaria Inteligente para Almacenamiento, Carga y Corte de Vidrio","breadcrumb":{"@id":"https:\/\/www.turomas.com\/pt-pt\/noticias\/turomas-technology\/#breadcrumb"},"inLanguage":"pt-PT","potentialAction":[{"@type":"ReadAction","target":["https:\/\/www.turomas.com\/pt-pt\/noticias\/turomas-technology\/"]}]},{"@type":"BreadcrumbList","@id":"https:\/\/www.turomas.com\/pt-pt\/noticias\/turomas-technology\/#breadcrumb","itemListElement":[{"@type":"ListItem","position":1,"name":"INICIO","item":"https:\/\/www.turomas.com\/pt-pt\/"},{"@type":"ListItem","position":2,"name":"NOT\u00cdCIAS","item":"https:\/\/www.turomas.com\/pt-pt\/noticias\/"},{"@type":"ListItem","position":3,"name":"TUROMAS TECHNOLOGY"}]},{"@type":"WebSite","@id":"https:\/\/www.turomas.com\/pt-pt\/#website","url":"https:\/\/www.turomas.com\/pt-pt\/","name":"TUROMAS","description":"Our Passion, Your Progress","publisher":{"@id":"https:\/\/www.turomas.com\/pt-pt\/#organization"},"potentialAction":[{"@type":"SearchAction","target":{"@type":"EntryPoint","urlTemplate":"https:\/\/www.turomas.com\/pt-pt\/?s={search_term_string}"},"query-input":{"@type":"PropertyValueSpecification","valueRequired":true,"valueName":"search_term_string"}}],"inLanguage":"pt-PT"},{"@type":"Organization","@id":"https:\/\/www.turomas.com\/pt-pt\/#organization","name":"TUROMAS","alternateName":"TUROMAS S.L","url":"https:\/\/www.turomas.com\/pt-pt\/","logo":{"@type":"ImageObject","inLanguage":"pt-PT","@id":"https:\/\/www.turomas.com\/pt-pt\/#\/schema\/logo\/image\/","url":"https:\/\/www.turomas.com\/wp-content\/uploads\/2018\/02\/logoturomas.png","contentUrl":"https:\/\/www.turomas.com\/wp-content\/uploads\/2018\/02\/logoturomas.png","width":287,"height":61,"caption":"TUROMAS"},"image":{"@id":"https:\/\/www.turomas.com\/pt-pt\/#\/schema\/logo\/image\/"},"sameAs":["https:\/\/www.facebook.com\/turomas.machinery","https:\/\/x.com\/turomas"]}]}},"_links":{"self":[{"href":"https:\/\/www.turomas.com\/pt-pt\/wp-json\/wp\/v2\/pages\/9779","targetHints":{"allow":["GET"]}}],"collection":[{"href":"https:\/\/www.turomas.com\/pt-pt\/wp-json\/wp\/v2\/pages"}],"about":[{"href":"https:\/\/www.turomas.com\/pt-pt\/wp-json\/wp\/v2\/types\/page"}],"author":[{"embeddable":true,"href":"https:\/\/www.turomas.com\/pt-pt\/wp-json\/wp\/v2\/users\/1"}],"replies":[{"embeddable":true,"href":"https:\/\/www.turomas.com\/pt-pt\/wp-json\/wp\/v2\/comments?post=9779"}],"version-history":[{"count":0,"href":"https:\/\/www.turomas.com\/pt-pt\/wp-json\/wp\/v2\/pages\/9779\/revisions"}],"up":[{"embeddable":true,"href":"https:\/\/www.turomas.com\/pt-pt\/wp-json\/wp\/v2\/pages\/813"}],"wp:attachment":[{"href":"https:\/\/www.turomas.com\/pt-pt\/wp-json\/wp\/v2\/media?parent=9779"}],"curies":[{"name":"wp","href":"https:\/\/api.w.org\/{rel}","templated":true}]}}